{"id":499,"date":"2011-07-11T18:19:41","date_gmt":"2011-07-11T17:19:41","guid":{"rendered":"http:\/\/www.radsport-boostedt.de\/?page_id=499"},"modified":"2013-01-19T11:41:18","modified_gmt":"2013-01-19T10:41:18","slug":"deutschlandtour-2012","status":"publish","type":"page","link":"http:\/\/www.radsport-boostedt.de\/wordpress\/archiv\/deutschlandtour-2012\/","title":{"rendered":"Deutschlandtour 2012"},"content":{"rendered":"<h5><strong>Fest Zusagen<\/strong><strong>: <\/strong><br \/>\nPeter F., Peter B. Klaus D., Gunther F., Frank S,. Hubertus W., Holger L., Volker J., Ulf K., Bernhard D., Cay N. ab Mittwoch, Eckhard B., J\u00f6rn H., Reinhard K., Martin B., Matthias Z.<\/p>\n<p><strong>Infos zur Deutschlandtour<\/strong><br \/>\n<em>Start:<\/em><br \/>\nStart der Deutschlandtour ist am <strong>11.05.2012<\/strong>.\u00a0 Wir treffen uns um<strong> 7.30<\/strong> Uhr am Hof L\u00fcbbe zum Beladen des Begleitfahrzeuges. Abfahrt ist auf 8.00 Uhr angesetzt.<\/p>\n<p><em>Kosten<\/em><br \/>\nDie Gesamtkosten wurde auf 300 Euro p.Person festgelegt. Die Summe setzt sich aus 200 Euro Unterkunft und Verpflegung (HP ) zusammen, sowie 31,25 Euro f\u00fcr Sprit und Anh\u00e4ngerleihgeb\u00fchr. Die Summe wurde auf 300 Euro aufgerundet f\u00fcr R\u00fcckfahrtkosten und sonstiges. Am Ende der Tour wird Kassensturz gemacht und entweder wird noch ein wenig nachgezahlt oder es gibt etwas zur\u00fcck.<br \/>\n(Ausnahme: Cay, reist erst am Mittwoch an &#8211; Volker, Ulf und Klaus, haben Einzelzimmer gebucht. Zu zahlende Summe f\u00fcr die Ausnahmef\u00e4lle wird von Gunther bekannt gegeben. Gunther sendet nach Buchung der Unterk\u00fcnfte eine Bankverbindung. Der Betrag ist dann in einer Summe sofort zahlbar.<\/p>\n<p><em>Verpflegung unterwegs<\/em><br \/>\nF\u00fcr Verpflegung unterwegs ist jeder selbst verantwortlich. Wir nehmen Wasserkanister, mit die unterwegs zum Auff\u00fcllen am Begleitfahrzeug bereitstehen.<\/p>\n<p><em>Unterkunft<\/em><br \/>\nDie Zimmerbelegung erfolgt jeweils am Tag der Ankunft in der Unterkunft, Absprachen k\u00f6nnen nat\u00fcrlich schon vorher getroffen werden. Der Rest nimmt das was \u00fcbrig bleibt \ud83d\ude42<\/p>\n<p><em>Material<\/em><br \/>\nIch werde mich um Schl\u00e4uche und M\u00e4ntel k\u00fcmmern. Wir m\u00fcssen daran denken, das wir etwas Werkzeug und Luftpumpe f\u00fcr kleine Reparaturen mitnehmen. Auch an etwas Sanit\u00e4tsmaterial ist zu denken, hier vielleicht ein kleiner Aufruf an Cay und Bernhard.<\/p>\n<p><em>Gep\u00e4ck<\/em><br \/>\nEs wurde vereinbart das jeder eine Reise- bzw. Sporttasche\u00a0 und einen kleinen Rucksack mitnehmen darf.<\/p>\n<p><em>R\u00fcckfahrt<\/em><br \/>\nF\u00fcr die R\u00fcckfahrt ist das Begleitfahrzeug mit Holger, J\u00f6rn und Gunther geplant. Alle anderen werden mit dem Zug fahren. Gunther nimmt hier die Reservierungen freundlicherweise vor.<\/p>\n<p><em>Vorbereitung<\/em><br \/>\nJeder sollte ein gewisses Pensum an Kilometern in den Beinen haben, damit wir ungef\u00e4hr &#8222;einen Leistungsstand haben&#8220;.\u00a0 Matthias, Reinhard und Holger haben daher Interesse bekundet ab 8. M\u00e4rz eine Woche nach Mallorca zu fahren. Wer Interesse hat setzt sich bitte mit diesen Personen in Verbindung.<\/p>\n<p>Kontakt<br \/>\nDamit wir unterwegs erreichbar sind ben\u00f6tige ich von jedem seine aktuelle Handynummer. Danke.<br \/>\n<strong> <\/strong><\/h5>\n<h5><strong>ngg_shortcode_0_placeholder<\/strong><\/h5>\n<h5><strong><\/p>\n<p><\/strong><strong> <\/strong><strong> <\/strong><strong> <\/strong><strong> <\/strong><strong> <\/strong><strong> <\/strong><strong> <\/strong><strong> <\/strong><strong> <\/strong><strong> <\/strong><\/h5>\n","protected":false},"excerpt":{"rendered":"<p>Fest Zusagen: Peter F., Peter B. Klaus D., Gunther F., Frank S,. Hubertus W., Holger L., Volker J., Ulf K., Bernhard D., Cay N. ab Mittwoch, Eckhard B., J\u00f6rn H., Reinhard K., Martin B., Matthias Z. Infos zur Deutschlandtour Start: &hellip; <a href=\"http:\/\/www.radsport-boostedt.de\/wordpress\/archiv\/deutschlandtour-2012\/\">Weiterlesen <span class=\"meta-nav\">&rarr;<\/span><\/a><\/p>\n","protected":false},"author":6,"featured_media":0,"parent":1460,"menu_order":0,"comment_status":"open","ping_status":"open","template":"","meta":{"_crdt_document":"","ngg_post_thumbnail":0,"footnotes":""},"class_list":["post-499","page","type-page","status-publish","hentry"],"_links":{"self":[{"href":"http:\/\/www.radsport-boostedt.de\/wordpress\/wp-json\/wp\/v2\/pages\/499","targetHints":{"allow":["GET"]}}],"collection":[{"href":"http:\/\/www.radsport-boostedt.de\/wordpress\/wp-json\/wp\/v2\/pages"}],"about":[{"href":"http:\/\/www.radsport-boostedt.de\/wordpress\/wp-json\/wp\/v2\/types\/page"}],"author":[{"embeddable":true,"href":"http:\/\/www.radsport-boostedt.de\/wordpress\/wp-json\/wp\/v2\/users\/6"}],"replies":[{"embeddable":true,"href":"http:\/\/www.radsport-boostedt.de\/wordpress\/wp-json\/wp\/v2\/comments?post=499"}],"version-history":[{"count":35,"href":"http:\/\/www.radsport-boostedt.de\/wordpress\/wp-json\/wp\/v2\/pages\/499\/revisions"}],"predecessor-version":[{"id":501,"href":"http:\/\/www.radsport-boostedt.de\/wordpress\/wp-json\/wp\/v2\/pages\/499\/revisions\/501"}],"up":[{"embeddable":true,"href":"http:\/\/www.radsport-boostedt.de\/wordpress\/wp-json\/wp\/v2\/pages\/1460"}],"wp:attachment":[{"href":"http:\/\/www.radsport-boostedt.de\/wordpress\/wp-json\/wp\/v2\/media?parent=499"}],"curies":[{"name":"wp","href":"https:\/\/api.w.org\/{rel}","templated":true}]}}