{"id":3254,"date":"2017-03-07T00:42:00","date_gmt":"2017-03-06T22:42:00","guid":{"rendered":"http:\/\/www.radsport-boostedt.de\/?page_id=3254"},"modified":"2026-03-10T18:55:07","modified_gmt":"2026-03-10T17:55:07","slug":"saisonstart-ab-2017","status":"publish","type":"page","link":"http:\/\/www.radsport-boostedt.de\/wordpress\/termine\/saisonstart-ab-2017\/","title":{"rendered":"Saisonstart ab 2017"},"content":{"rendered":"<p><strong>Anradeln 2025 29. M\u00e4rz <\/strong><\/p>\n<p><img loading=\"lazy\" decoding=\"async\" class=\"alignnone size-medium wp-image-5774\" src=\"http:\/\/www.radsport-boostedt.de\/wordpress\/wp-content\/upLoads\/2025\/03\/IMG_6210-600x450.jpg\" alt=\"\" width=\"600\" height=\"450\" srcset=\"http:\/\/www.radsport-boostedt.de\/wordpress\/wp-content\/upLoads\/2025\/03\/IMG_6210-600x450.jpg 600w, http:\/\/www.radsport-boostedt.de\/wordpress\/wp-content\/upLoads\/2025\/03\/IMG_6210-1024x768.jpg 1024w, http:\/\/www.radsport-boostedt.de\/wordpress\/wp-content\/upLoads\/2025\/03\/IMG_6210-768x576.jpg 768w, http:\/\/www.radsport-boostedt.de\/wordpress\/wp-content\/upLoads\/2025\/03\/IMG_6210-1536x1152.jpg 1536w, http:\/\/www.radsport-boostedt.de\/wordpress\/wp-content\/upLoads\/2025\/03\/IMG_6210-2048x1536.jpg 2048w\" sizes=\"auto, (max-width: 600px) 100vw, 600px\" \/><\/p>\n<p><img loading=\"lazy\" decoding=\"async\" class=\"alignnone size-medium wp-image-5772\" src=\"http:\/\/www.radsport-boostedt.de\/wordpress\/wp-content\/upLoads\/2025\/03\/20250329_140457-600x450.jpg\" alt=\"\" width=\"600\" height=\"450\" srcset=\"http:\/\/www.radsport-boostedt.de\/wordpress\/wp-content\/upLoads\/2025\/03\/20250329_140457-600x450.jpg 600w, http:\/\/www.radsport-boostedt.de\/wordpress\/wp-content\/upLoads\/2025\/03\/20250329_140457-1024x768.jpg 1024w, http:\/\/www.radsport-boostedt.de\/wordpress\/wp-content\/upLoads\/2025\/03\/20250329_140457-768x576.jpg 768w, http:\/\/www.radsport-boostedt.de\/wordpress\/wp-content\/upLoads\/2025\/03\/20250329_140457-1536x1152.jpg 1536w, http:\/\/www.radsport-boostedt.de\/wordpress\/wp-content\/upLoads\/2025\/03\/20250329_140457-2048x1536.jpg 2048w\" sizes=\"auto, (max-width: 600px) 100vw, 600px\" \/><\/p>\n<p style=\"text-align: center;\"><strong>Anradeln 2024 24. M\u00e4rz <\/strong><\/p>\n<p><img loading=\"lazy\" decoding=\"async\" class=\"alignnone size-medium wp-image-5529\" src=\"http:\/\/www.radsport-boostedt.de\/wordpress\/wp-content\/upLoads\/2024\/03\/Saisonstart-24.03.2024-2-600x450.jpg\" alt=\"\" width=\"600\" height=\"450\" srcset=\"http:\/\/www.radsport-boostedt.de\/wordpress\/wp-content\/upLoads\/2024\/03\/Saisonstart-24.03.2024-2-600x450.jpg 600w, http:\/\/www.radsport-boostedt.de\/wordpress\/wp-content\/upLoads\/2024\/03\/Saisonstart-24.03.2024-2-1024x768.jpg 1024w, http:\/\/www.radsport-boostedt.de\/wordpress\/wp-content\/upLoads\/2024\/03\/Saisonstart-24.03.2024-2-768x576.jpg 768w, http:\/\/www.radsport-boostedt.de\/wordpress\/wp-content\/upLoads\/2024\/03\/Saisonstart-24.03.2024-2-1536x1152.jpg 1536w, http:\/\/www.radsport-boostedt.de\/wordpress\/wp-content\/upLoads\/2024\/03\/Saisonstart-24.03.2024-2-2048x1536.jpg 2048w\" sizes=\"auto, (max-width: 600px) 100vw, 600px\" \/><\/p>\n<p style=\"text-align: center;\"><strong>Anradeln 2023 25. M\u00e4rz (bei ungem\u00fctlichem Wetter)<br \/>\n<\/strong><\/p>\n<p><img loading=\"lazy\" decoding=\"async\" class=\"alignnone size-medium wp-image-5442\" src=\"http:\/\/www.radsport-boostedt.de\/wordpress\/wp-content\/upLoads\/2023\/03\/Anrdeln-25.03.2023-600x450.jpg\" alt=\"\" width=\"600\" height=\"450\" srcset=\"http:\/\/www.radsport-boostedt.de\/wordpress\/wp-content\/upLoads\/2023\/03\/Anrdeln-25.03.2023-600x450.jpg 600w, http:\/\/www.radsport-boostedt.de\/wordpress\/wp-content\/upLoads\/2023\/03\/Anrdeln-25.03.2023-1024x768.jpg 1024w, http:\/\/www.radsport-boostedt.de\/wordpress\/wp-content\/upLoads\/2023\/03\/Anrdeln-25.03.2023-768x576.jpg 768w, http:\/\/www.radsport-boostedt.de\/wordpress\/wp-content\/upLoads\/2023\/03\/Anrdeln-25.03.2023-1536x1152.jpg 1536w, http:\/\/www.radsport-boostedt.de\/wordpress\/wp-content\/upLoads\/2023\/03\/Anrdeln-25.03.2023-2048x1536.jpg 2048w\" sizes=\"auto, (max-width: 600px) 100vw, 600px\" \/><\/p>\n<p><strong>Anradeln 2020 14. M\u00e4rz<\/strong><\/p>\n<p><a href=\"http:\/\/www.radsport-boostedt.de\/wordpress\/anradeln-2020\/\"><img loading=\"lazy\" decoding=\"async\" class=\"aligncenter size-full wp-image-4837\" src=\"http:\/\/www.radsport-boostedt.de\/wordpress\/wp-content\/upLoads\/2020\/03\/Anradeln-2020.jpg\" alt=\"\" width=\"1024\" height=\"768\" srcset=\"http:\/\/www.radsport-boostedt.de\/wordpress\/wp-content\/upLoads\/2020\/03\/Anradeln-2020.jpg 1024w, http:\/\/www.radsport-boostedt.de\/wordpress\/wp-content\/upLoads\/2020\/03\/Anradeln-2020-600x450.jpg 600w, http:\/\/www.radsport-boostedt.de\/wordpress\/wp-content\/upLoads\/2020\/03\/Anradeln-2020-768x576.jpg 768w\" sizes=\"auto, (max-width: 1024px) 100vw, 1024px\" \/><\/a><\/p>\n<p>&nbsp;<\/p>\n<p><strong>Saisonstart 2019 am 23.M\u00e4rz<\/strong><\/p>\n<p><a href=\"http:\/\/www.radsport-boostedt.de\/wordpress\/galerie\/saisonstart-ab-2017\/saisonstart-2019-2\/\" rel=\"attachment wp-att-4397\"><img loading=\"lazy\" decoding=\"async\" class=\"aligncenter size-full wp-image-4397\" src=\"http:\/\/www.radsport-boostedt.de\/wordpress\/wp-content\/upLoads\/2019\/03\/Saisonstart-2019-2.jpg\" alt=\"\" width=\"800\" height=\"600\" srcset=\"http:\/\/www.radsport-boostedt.de\/wordpress\/wp-content\/upLoads\/2019\/03\/Saisonstart-2019-2.jpg 800w, http:\/\/www.radsport-boostedt.de\/wordpress\/wp-content\/upLoads\/2019\/03\/Saisonstart-2019-2-600x450.jpg 600w, http:\/\/www.radsport-boostedt.de\/wordpress\/wp-content\/upLoads\/2019\/03\/Saisonstart-2019-2-768x576.jpg 768w\" sizes=\"auto, (max-width: 800px) 100vw, 800px\" \/><\/a> <a href=\"http:\/\/www.radsport-boostedt.de\/wordpress\/galerie\/saisonstart-ab-2017\/saisonstart-2019-1\/\" rel=\"attachment wp-att-4396\"><img loading=\"lazy\" decoding=\"async\" class=\"aligncenter size-full wp-image-4396\" src=\"http:\/\/www.radsport-boostedt.de\/wordpress\/wp-content\/upLoads\/2019\/03\/Saisonstart-2019-1.jpg\" alt=\"\" width=\"800\" height=\"600\" srcset=\"http:\/\/www.radsport-boostedt.de\/wordpress\/wp-content\/upLoads\/2019\/03\/Saisonstart-2019-1.jpg 800w, http:\/\/www.radsport-boostedt.de\/wordpress\/wp-content\/upLoads\/2019\/03\/Saisonstart-2019-1-600x450.jpg 600w, http:\/\/www.radsport-boostedt.de\/wordpress\/wp-content\/upLoads\/2019\/03\/Saisonstart-2019-1-768x576.jpg 768w\" sizes=\"auto, (max-width: 800px) 100vw, 800px\" \/><\/a><span style=\"text-decoration: underline;\"><strong>Saisonstart 2018 am 01.M\u00e4rz<\/strong><\/span><\/p>\nngg_shortcode_0_placeholder\n<p><span style=\"text-decoration: underline;\"><strong>Saisonstart 2017 am 04.M\u00e4rz 2017<\/strong><\/span><\/p>\n<p><span style=\"text-decoration: underline;\"><strong>ngg_shortcode_1_placeholder<br \/>\n<\/strong><\/span><\/p>\n","protected":false},"excerpt":{"rendered":"<p>Anradeln 2025 29. M\u00e4rz Anradeln 2024 24. M\u00e4rz Anradeln 2023 25. M\u00e4rz (bei ungem\u00fctlichem Wetter) Anradeln 2020 14. M\u00e4rz &nbsp; Saisonstart 2019 am 23.M\u00e4rz Saisonstart 2018 am 01.M\u00e4rz Saisonstart 2017 am 04.M\u00e4rz 2017<\/p>\n","protected":false},"author":6,"featured_media":0,"parent":126,"menu_order":0,"comment_status":"closed","ping_status":"open","template":"","meta":{"_crdt_document":"","ngg_post_thumbnail":0,"footnotes":""},"class_list":["post-3254","page","type-page","status-publish","hentry"],"_links":{"self":[{"href":"http:\/\/www.radsport-boostedt.de\/wordpress\/wp-json\/wp\/v2\/pages\/3254","targetHints":{"allow":["GET"]}}],"collection":[{"href":"http:\/\/www.radsport-boostedt.de\/wordpress\/wp-json\/wp\/v2\/pages"}],"about":[{"href":"http:\/\/www.radsport-boostedt.de\/wordpress\/wp-json\/wp\/v2\/types\/page"}],"author":[{"embeddable":true,"href":"http:\/\/www.radsport-boostedt.de\/wordpress\/wp-json\/wp\/v2\/users\/6"}],"replies":[{"embeddable":true,"href":"http:\/\/www.radsport-boostedt.de\/wordpress\/wp-json\/wp\/v2\/comments?post=3254"}],"version-history":[{"count":14,"href":"http:\/\/www.radsport-boostedt.de\/wordpress\/wp-json\/wp\/v2\/pages\/3254\/revisions"}],"predecessor-version":[{"id":6090,"href":"http:\/\/www.radsport-boostedt.de\/wordpress\/wp-json\/wp\/v2\/pages\/3254\/revisions\/6090"}],"up":[{"embeddable":true,"href":"http:\/\/www.radsport-boostedt.de\/wordpress\/wp-json\/wp\/v2\/pages\/126"}],"wp:attachment":[{"href":"http:\/\/www.radsport-boostedt.de\/wordpress\/wp-json\/wp\/v2\/media?parent=3254"}],"curies":[{"name":"wp","href":"https:\/\/api.w.org\/{rel}","templated":true}]}}