{"id":2,"date":"2010-10-29T13:29:13","date_gmt":"2010-10-29T13:29:13","guid":{"rendered":"http:\/\/www.radsport-boostedt.de\/wordpress\/?page_id=2"},"modified":"2020-05-13T18:35:12","modified_gmt":"2020-05-13T17:35:12","slug":"eine-seite","status":"publish","type":"page","link":"http:\/\/www.radsport-boostedt.de\/wordpress\/eine-seite\/","title":{"rendered":"\u00dcber uns"},"content":{"rendered":"<p>Radsport-Boostedt wurde im Mai 2006 von Hanno Kock am Brink und Frank Smolarek ins Leben gerufen. Durch Zufall stellte sich heraus, dass sich beide unabh\u00e4ngig voneinander im Jahr 2005 ein Rennrad zugelegt hatte. Schnell waren dann die ersten gemeinsamen Fahrten gemacht.<br \/>\nNach und nach wurde man auf weitere Fahrer durch Gespr\u00e4che aufmerksam und es bildete sich eine kleine Gruppe, die Spa\u00df am sportlichen Radfahren hat.<br \/>\nDoch aus terminlichen Gr\u00fcnden kamen nicht immer alle zusammen, so dass \u00fcber einen PR-Bericht in der Zeitung nach Verst\u00e4rkung gesucht wurde, um bei den Trainingseinheiten immer auf eine Handvoll Fahrer zu treffen.<\/p>\n<p><a href=\"http:\/\/www.radsport-boostedt.de\/wordpress\/gruppe_rsb-2\/\"><img loading=\"lazy\" decoding=\"async\" class=\"aligncenter size-full wp-image-4870\" src=\"http:\/\/www.radsport-boostedt.de\/wordpress\/wp-content\/upLoads\/2020\/05\/gruppe_rsb.jpg\" alt=\"\" width=\"600\" height=\"400\"><\/a><\/p>\n<p>Die Resonanz war sehr gro\u00df und so wurden schnell feste Trainingszeiten eingerichtet und geplant. Zur Zeit befinden sich ungef\u00e4hr 20 Fahrer\/innen&nbsp;in unserem Pool, die je nach Zeit mal mehr mal weniger da sind.<\/p>\n<p>Unsere Ambitionen<br \/>\nWir legen Wert auf z\u00fcgiges Fahren, haben aber nicht den Ehrgeiz Tempi wie bei der Tour der France vorzulegen. Wir sind alle keine Youngster mehr, aber alles junggebliebene M\u00e4nner und auch Frauen in den besten Jahren mit sportlichen Ambitionen ohne \u00fcbertriebenen Leistungsanspruch.<\/p>\n<p>&nbsp;<\/p>\n","protected":false},"excerpt":{"rendered":"<p>Radsport-Boostedt wurde im Mai 2006 von Hanno Kock am Brink und Frank Smolarek ins Leben gerufen. Durch Zufall stellte sich heraus, dass sich beide unabh\u00e4ngig voneinander im Jahr 2005 ein Rennrad zugelegt hatte. Schnell waren dann die ersten gemeinsamen Fahrten &hellip; <a href=\"http:\/\/www.radsport-boostedt.de\/wordpress\/eine-seite\/\">Weiterlesen <span class=\"meta-nav\">&rarr;<\/span><\/a><\/p>\n","protected":false},"author":1,"featured_media":0,"parent":0,"menu_order":0,"comment_status":"open","ping_status":"open","template":"","meta":{"_crdt_document":"","ngg_post_thumbnail":0,"footnotes":""},"class_list":["post-2","page","type-page","status-publish","hentry"],"_links":{"self":[{"href":"http:\/\/www.radsport-boostedt.de\/wordpress\/wp-json\/wp\/v2\/pages\/2","targetHints":{"allow":["GET"]}}],"collection":[{"href":"http:\/\/www.radsport-boostedt.de\/wordpress\/wp-json\/wp\/v2\/pages"}],"about":[{"href":"http:\/\/www.radsport-boostedt.de\/wordpress\/wp-json\/wp\/v2\/types\/page"}],"author":[{"embeddable":true,"href":"http:\/\/www.radsport-boostedt.de\/wordpress\/wp-json\/wp\/v2\/users\/1"}],"replies":[{"embeddable":true,"href":"http:\/\/www.radsport-boostedt.de\/wordpress\/wp-json\/wp\/v2\/comments?post=2"}],"version-history":[{"count":7,"href":"http:\/\/www.radsport-boostedt.de\/wordpress\/wp-json\/wp\/v2\/pages\/2\/revisions"}],"predecessor-version":[{"id":4871,"href":"http:\/\/www.radsport-boostedt.de\/wordpress\/wp-json\/wp\/v2\/pages\/2\/revisions\/4871"}],"wp:attachment":[{"href":"http:\/\/www.radsport-boostedt.de\/wordpress\/wp-json\/wp\/v2\/media?parent=2"}],"curies":[{"name":"wp","href":"https:\/\/api.w.org\/{rel}","templated":true}]}}